{"id":56103,"date":"2025-08-19T06:40:45","date_gmt":"2025-08-19T06:40:45","guid":{"rendered":"https:\/\/wpdatatables.com\/?page_id=56103"},"modified":"2025-08-19T06:50:36","modified_gmt":"2025-08-19T06:50:36","slug":"wpdatatables-affiliate","status":"publish","type":"page","link":"https:\/\/wpdatatables.com\/de\/wpdatatables-affiliate\/","title":{"rendered":"wpDataTables Partnerprogramm"},"content":{"rendered":"<section class=\"wpb-content-wrapper\"><p>[vc_row parallax=&#8221;content-moving&#8221; css=&#8221;.vc_custom_1558005635933{background-image: url(https:\/\/wpdatatables.com\/wp-content\/uploads\/2019\/05\/Affiliate-header-wpDT.png?id=28844) !important;background-position: center;background-repeat: no-repeat;background-size: cover !important;}&#8221;][vc_column width=&#8221;1\/4&#8243;][\/vc_column][vc_column width=&#8221;1\/2&#8243;][vc_empty_space height=&#8221;50px&#8221;][vc_column_text]<\/p>\n<h1 style=\"text-align: left; color: white;\"><span style=\"font-weight: 400;\">Monetarisieren Sie Ihren Website-Traffic mit dem wpDataTables Affiliate-Programm<\/span><\/h1>\n<h5 style=\"text-align: left; color: white;\">Werden Sie wpDataTables Affiliate-Partner und verdienen Sie 30 % Provision auf jeden vermittelten Verkauf!<\/h5>\n<p>[\/vc_column_text][vc_empty_space height=&#8221;50px&#8221;][vc_btn title=&#8221;Affiliate werden&#8221; style=&#8221;custom&#8221; custom_background=&#8221;#ffffff&#8221; custom_text=&#8221;#091c70&#8243; shape=&#8221;round&#8221; size=&#8221;lg&#8221; link=&#8221;url:https%3A%2F%2Fapp.impact.com%2Fcampaign-campaign-info-v2%2FTMS-WordPress-Plugins-WPAmelia-and-WPDataTables.brand|target:_blank&#8221;][vc_empty_space height=&#8221;50px&#8221;][\/vc_column][vc_column width=&#8221;1\/4&#8243;][\/vc_column][\/vc_row][vc_row][vc_column width=&#8221;1\/4&#8243;][\/vc_column][vc_column width=&#8221;1\/2&#8243;][vc_column_text]<\/p>\n<h3>Was wpDataTables Affiliate-Partnern bietet:<\/h3>\n<ul>\n<li><strong>30 % Provision<\/strong> auf alle Pl\u00e4ne<\/li>\n<li>Hochwertige Werbematerialien auf Anfrage<\/li>\n<li>\u00dcbersichtliches Dashboard zur Echtzeit-Einsicht von Guthaben und Transaktionen<\/li>\n<li><strong>90 Tage<\/strong> Cookie-Laufzeit<\/li>\n<li>Fr\u00fchzeitige Benachrichtigungen \u00fcber Aktionen<\/li>\n<li>Auszahlungen per \u00dcberweisung (EFT) oder PayPal (unterst\u00fctzte W\u00e4hrungen: USD, GBP, EUR, AUD, CAD, RUB, NZD, PHP, HKD, SGD, SEK, DKK, NOK, ILS, MXN, JPY)<\/li>\n<\/ul>\n<p>[\/vc_column_text][vc_empty_space][\/vc_column][vc_column width=&#8221;1\/4&#8243;][\/vc_column][\/vc_row][vc_row][vc_column width=&#8221;1\/4&#8243;][\/vc_column][vc_column width=&#8221;1\/2&#8243;][vc_column_text]<\/p>\n<h3>Wie viel k\u00f6nnen Sie verdienen?<\/h3>\n<p>[\/vc_column_text][\/vc_column][vc_column width=&#8221;1\/4&#8243;][\/vc_column][\/vc_row][vc_row][vc_column width=&#8221;1\/4&#8243;][\/vc_column][vc_column width=&#8221;1\/6&#8243;][vc_single_image image=&#8221;37074&#8243; alignment=&#8221;center&#8221;][vc_column_text]<\/p>\n<p style=\"text-align: center;\"><span style=\"font-weight: 400;\">Die Basic-Lizenz kostet 69\u202f$ \u2013 Sie verdienen <\/span><b>20,70\u202f$<\/b><\/p>\n<p>[\/vc_column_text][\/vc_column][vc_column width=&#8221;1\/6&#8243;][vc_single_image image=&#8221;37075&#8243; alignment=&#8221;center&#8221;][vc_column_text]<\/p>\n<p style=\"text-align: center;\"><span style=\"font-weight: 400;\">Die Pro-Lizenz kostet 109\u202f$ \u2013 Sie verdienen <\/span><b>32,70\u202f$<\/b><\/p>\n<p>[\/vc_column_text][\/vc_column][vc_column width=&#8221;1\/6&#8243;][vc_single_image image=&#8221;37076&#8243; alignment=&#8221;center&#8221;][vc_column_text]<\/p>\n<p style=\"text-align: center;\"><span style=\"font-weight: 400;\">Die Entwickler-Lizenz kostet 249\u202f$ \u2013 Sie verdienen <\/span><b>74,70\u202f$<\/b><\/p>\n<p>[\/vc_column_text][\/vc_column][vc_column width=&#8221;1\/4&#8243;][\/vc_column][\/vc_row][vc_row][vc_column width=&#8221;1\/4&#8243;][\/vc_column][vc_column width=&#8221;1\/6&#8243;][vc_single_image image=&#8221;37074&#8243; alignment=&#8221;center&#8221;][vc_column_text]<\/p>\n<p style=\"text-align: center;\"><span style=\"font-weight: 400;\">Die Basis-Lifetime-Lizenz kostet 189\u202f$ \u2013 Sie verdienen <\/span><b>56,70\u202f$<\/b><\/p>\n<p>[\/vc_column_text][\/vc_column][vc_column width=&#8221;1\/6&#8243;][vc_single_image image=&#8221;37075&#8243; alignment=&#8221;center&#8221;][vc_column_text]<\/p>\n<p style=\"text-align: center;\"><span style=\"font-weight: 400;\">Die Pro-Lifetime-Lizenz kostet 389\u202f$ \u2013 Sie verdienen <\/span><b>116,70\u202f$<\/b><\/p>\n<p>[\/vc_column_text][\/vc_column][vc_column width=&#8221;1\/6&#8243;][vc_single_image image=&#8221;37076&#8243; alignment=&#8221;center&#8221;][vc_column_text]<\/p>\n<p style=\"text-align: center;\"><span style=\"font-weight: 400;\">Die Developer-Lizenz kostet 589\u202f$ \u2013 Sie verdienen <\/span><b>176,70\u202f$<\/b><\/p>\n<p>[\/vc_column_text][\/vc_column][vc_column width=&#8221;1\/4&#8243;][\/vc_column][\/vc_row][vc_row css=&#8221;.vc_custom_1558008275973{background-color: #f6f8fa !important;}&#8221;][vc_column width=&#8221;1\/4&#8243;][\/vc_column][vc_column width=&#8221;1\/2&#8243;][vc_empty_space][vc_column_text]<\/p>\n<h3>wpDataTables ist ein langfristiger Bestseller in seiner Nische.<\/h3>\n<p><strong>Wird von \u00fcber 66.000 Unternehmen und Einzelpersonen weltweit genutzt, unsere Nutzerbewertung liegt bei 4,5<\/strong><\/p>\n<ul>\n<li style=\"font-weight: 400;\"><span style=\"font-weight: 400;\">Monatliche Updates<\/span><\/li>\n<li style=\"font-weight: 400;\"><span style=\"font-weight: 400;\">Unbegrenzte Tabellen<\/span><\/li>\n<li style=\"font-weight: 400;\"><span style=\"font-weight: 400;\">Unbegrenzte Diagramme<\/span><\/li>\n<li style=\"font-weight: 400;\"><span style=\"font-weight: 400;\">Bedingte Formatierung<\/span><\/li>\n<li style=\"font-weight: 400;\"><span style=\"font-weight: 400;\">Datenbankunterst\u00fctzung<\/span><\/li>\n<\/ul>\n<p><a href=\"https:\/\/wpdatatables.com\/features\/#features-list\"><span style=\"font-weight: 400;\">Alle Funktionen ansehen<\/span><\/a><br \/>\n[\/vc_column_text][vc_empty_space][\/vc_column][vc_column width=&#8221;1\/4&#8243;][\/vc_column][\/vc_row][vc_row][vc_column width=&#8221;1\/4&#8243;][\/vc_column][vc_column width=&#8221;1\/2&#8243;][vc_column_text]<\/p>\n<h3>In nur drei Schritten zum Affiliate werden<\/h3>\n<p>[\/vc_column_text][\/vc_column][vc_column width=&#8221;1\/4&#8243;][\/vc_column][\/vc_row][vc_row][vc_column width=&#8221;1\/4&#8243;][\/vc_column][vc_column width=&#8221;1\/6&#8243;][vc_single_image image=&#8221;37077&#8243; alignment=&#8221;center&#8221;][vc_column_text]<\/p>\n<p style=\"text-align: center;\">F\u00fclle das Formular unten aus.<\/p>\n<p>[\/vc_column_text][\/vc_column][vc_column width=&#8221;1\/6&#8243;][vc_single_image image=&#8221;37078&#8243; alignment=&#8221;center&#8221;][vc_column_text]<\/p>\n<p style=\"text-align: center;\">Wir pr\u00fcfen und genehmigen deine Bewerbung.<\/p>\n<p>[\/vc_column_text][\/vc_column][vc_column width=&#8221;1\/6&#8243;][vc_single_image image=&#8221;37079&#8243; alignment=&#8221;center&#8221;][vc_column_text]<\/p>\n<p style=\"text-align: center;\">Hol dir deinen Affiliate-Link und beginne zu verdienen!<\/p>\n<p>[\/vc_column_text][\/vc_column][vc_column width=&#8221;1\/4&#8243;][\/vc_column][\/vc_row][vc_row][vc_column width=&#8221;1\/4&#8243;][\/vc_column][vc_column width=&#8221;1\/2&#8243;][vc_btn title=&#8221;Affiliate werden&#8221; style=&#8221;custom&#8221; custom_background=&#8221;#091c70&#8243; custom_text=&#8221;#ffffff&#8221; shape=&#8221;round&#8221; size=&#8221;lg&#8221; align=&#8221;center&#8221; link=&#8221;url:https%3A%2F%2Fapp.impact.com%2Fcampaign-campaign-info-v2%2FTMS-WordPress-Plugins-WPAmelia-and-WPDataTables.brand|target:_blank&#8221;][\/vc_column][vc_column width=&#8221;1\/4&#8243;][\/vc_column][\/vc_row][vc_row][vc_column width=&#8221;1\/4&#8243;][\/vc_column][vc_column width=&#8221;1\/2&#8243;][vc_empty_space height=&#8221;12px&#8221;][vc_column_text]<\/p>\n<p style=\"text-align: center;\">Wenn Sie Fragen oder Anliegen haben, z\u00f6gern Sie nicht, uns jederzeit <a href=\"mailto:nevena@tms-outsource.com\">zu kontaktieren<\/a>.<\/p>\n<p>[\/vc_column_text][vc_empty_space height=&#8221;12px&#8221;][\/vc_column][vc_column width=&#8221;1\/4&#8243;][\/vc_column][\/vc_row]<\/p>\n<\/section>","protected":false},"excerpt":{"rendered":"<p>[vc_row parallax=&#8221;content-moving&#8221; css=&#8221;.vc_custom_1558005635933{background-image: url(https:\/\/wpdatatables.com\/wp-content\/uploads\/2019\/05\/Affiliate-header-wpDT.png?id=28844) !important;background-position: center;background-repeat: no-repeat;background-size: cover !important;}&#8221;][vc_column width=&#8221;1\/4&#8243;][\/vc_column][vc_column width=&#8221;1\/2&#8243;][vc_empty_space height=&#8221;50px&#8221;][vc_column_text] Monetarisieren Sie Ihren Website-Traffic mit dem wpDataTables Affiliate-Programm Werden Sie wpDataTables Affiliate-Partner und verdienen Sie 30 % Provision auf jeden vermittelten Verkauf! [\/vc_column_text][vc_empty_space height=&#8221;50px&#8221;][vc_btn title=&#8221;Affiliate werden&#8221; style=&#8221;custom&#8221; custom_background=&#8221;#ffffff&#8221; custom_text=&#8221;#091c70&#8243; shape=&#8221;round&#8221; size=&#8221;lg&#8221; link=&#8221;url:https%3A%2F%2Fapp.impact.com%2Fcampaign-campaign-info-v2%2FTMS-WordPress-Plugins-WPAmelia-and-WPDataTables.brand|target:_blank&#8221;][vc_empty_space height=&#8221;50px&#8221;][\/vc_column][vc_column width=&#8221;1\/4&#8243;][\/vc_column][\/vc_row][vc_row][vc_column width=&#8221;1\/4&#8243;][\/vc_column][vc_column width=&#8221;1\/2&#8243;][vc_column_text] Was wpDataTables Affiliate-Partnern bietet: 30 % Provision [&hellip;]<\/p>\n","protected":false},"author":1697,"featured_media":0,"parent":0,"menu_order":0,"comment_status":"closed","ping_status":"closed","template":"","meta":{"_acf_changed":false,"footnotes":""},"class_list":["post-56103","page","type-page","status-publish","hentry"],"acf":[],"yoast_head":"<!-- This site is optimized with the Yoast SEO plugin v24.8.1 - https:\/\/yoast.com\/wordpress\/plugins\/seo\/ -->\n<title>wpDataTables Partnerprogramm - wpDataTables - Tables and Charts WordPress Plugin<\/title>\n<meta name=\"robots\" content=\"index, follow, max-snippet:-1, max-image-preview:large, max-video-preview:-1\" \/>\n<link rel=\"canonical\" href=\"https:\/\/wpdatatables.com\/de\/wpdatatables-affiliate\/\" \/>\n<meta property=\"og:locale\" content=\"de_DE\" \/>\n<meta property=\"og:type\" content=\"article\" \/>\n<meta property=\"og:title\" content=\"wpDataTables Partnerprogramm - wpDataTables - Tables and Charts WordPress Plugin\" \/>\n<meta property=\"og:description\" content=\"[vc_row parallax=&#8221;content-moving&#8221; css=&#8221;.vc_custom_1558005635933{background-image: url(https:\/\/wpdatatables.com\/wp-content\/uploads\/2019\/05\/Affiliate-header-wpDT.png?id=28844) !important;background-position: center;background-repeat: no-repeat;background-size: cover !important;}&#8221;][vc_column width=&#8221;1\/4&#8243;][\/vc_column][vc_column width=&#8221;1\/2&#8243;][vc_empty_space height=&#8221;50px&#8221;][vc_column_text] Monetarisieren Sie Ihren Website-Traffic mit dem wpDataTables Affiliate-Programm Werden Sie wpDataTables Affiliate-Partner und verdienen Sie 30 % Provision auf jeden vermittelten Verkauf! [\/vc_column_text][vc_empty_space height=&#8221;50px&#8221;][vc_btn title=&#8221;Affiliate werden&#8221; style=&#8221;custom&#8221; custom_background=&#8221;#ffffff&#8221; custom_text=&#8221;#091c70&#8243; shape=&#8221;round&#8221; size=&#8221;lg&#8221; link=&#8221;url:https%3A%2F%2Fapp.impact.com%2Fcampaign-campaign-info-v2%2FTMS-WordPress-Plugins-WPAmelia-and-WPDataTables.brand|target:_blank&#8221;][vc_empty_space height=&#8221;50px&#8221;][\/vc_column][vc_column width=&#8221;1\/4&#8243;][\/vc_column][\/vc_row][vc_row][vc_column width=&#8221;1\/4&#8243;][\/vc_column][vc_column width=&#8221;1\/2&#8243;][vc_column_text] Was wpDataTables Affiliate-Partnern bietet: 30 % Provision [&hellip;]\" \/>\n<meta property=\"og:url\" content=\"https:\/\/wpdatatables.com\/de\/wpdatatables-affiliate\/\" \/>\n<meta property=\"og:site_name\" content=\"wpDataTables - Tables and Charts WordPress Plugin\" \/>\n<meta property=\"article:publisher\" content=\"https:\/\/www.facebook.com\/wpdatatables\/\" \/>\n<meta property=\"article:modified_time\" content=\"2025-08-19T06:50:36+00:00\" \/>\n<meta property=\"og:image\" content=\"https:\/\/wpdatatables.com\/wp-content\/uploads\/2019\/02\/wpDT-1200x628.png\" \/>\n\t<meta property=\"og:image:width\" content=\"1200\" \/>\n\t<meta property=\"og:image:height\" content=\"628\" \/>\n\t<meta property=\"og:image:type\" content=\"image\/png\" \/>\n<meta name=\"twitter:card\" content=\"summary_large_image\" \/>\n<meta name=\"twitter:site\" content=\"@wpdatatables\" \/>\n<meta name=\"twitter:label1\" content=\"Gesch\u00e4tzte Lesezeit\" \/>\n\t<meta name=\"twitter:data1\" content=\"4\u00a0Minuten\" \/>\n<script type=\"application\/ld+json\" class=\"yoast-schema-graph\">{\"@context\":\"https:\/\/schema.org\",\"@graph\":[{\"@type\":\"WebPage\",\"@id\":\"https:\/\/wpdatatables.com\/de\/wpdatatables-affiliate\/\",\"url\":\"https:\/\/wpdatatables.com\/de\/wpdatatables-affiliate\/\",\"name\":\"wpDataTables Partnerprogramm - wpDataTables - Tables and Charts WordPress Plugin\",\"isPartOf\":{\"@id\":\"https:\/\/wpdatatables.com\/#website\"},\"datePublished\":\"2025-08-19T06:40:45+00:00\",\"dateModified\":\"2025-08-19T06:50:36+00:00\",\"breadcrumb\":{\"@id\":\"https:\/\/wpdatatables.com\/de\/wpdatatables-affiliate\/#breadcrumb\"},\"inLanguage\":\"de\",\"potentialAction\":[{\"@type\":\"ReadAction\",\"target\":[\"https:\/\/wpdatatables.com\/de\/wpdatatables-affiliate\/\"]}]},{\"@type\":\"BreadcrumbList\",\"@id\":\"https:\/\/wpdatatables.com\/de\/wpdatatables-affiliate\/#breadcrumb\",\"itemListElement\":[{\"@type\":\"ListItem\",\"position\":1,\"name\":\"Home\",\"item\":\"https:\/\/wpdatatables.com\/de\/\"},{\"@type\":\"ListItem\",\"position\":2,\"name\":\"wpDataTables Partnerprogramm\"}]},{\"@type\":\"WebSite\",\"@id\":\"https:\/\/wpdatatables.com\/#website\",\"url\":\"https:\/\/wpdatatables.com\/\",\"name\":\"wpDataTables - Tables and Charts WordPress Plugin\",\"description\":\"Tables and Charts Creator\",\"publisher\":{\"@id\":\"https:\/\/wpdatatables.com\/#organization\"},\"potentialAction\":[{\"@type\":\"SearchAction\",\"target\":{\"@type\":\"EntryPoint\",\"urlTemplate\":\"https:\/\/wpdatatables.com\/?s={search_term_string}\"},\"query-input\":{\"@type\":\"PropertyValueSpecification\",\"valueRequired\":true,\"valueName\":\"search_term_string\"}}],\"inLanguage\":\"de\"},{\"@type\":\"Organization\",\"@id\":\"https:\/\/wpdatatables.com\/#organization\",\"name\":\"wpDataTables\",\"url\":\"https:\/\/wpdatatables.com\/\",\"logo\":{\"@type\":\"ImageObject\",\"inLanguage\":\"de\",\"@id\":\"https:\/\/wpdatatables.com\/#\/schema\/logo\/image\/\",\"url\":\"https:\/\/wpdatatables.com\/wp-content\/uploads\/2019\/02\/wpDataTable-Horizontal.png\",\"contentUrl\":\"https:\/\/wpdatatables.com\/wp-content\/uploads\/2019\/02\/wpDataTable-Horizontal.png\",\"width\":4120,\"height\":756,\"caption\":\"wpDataTables\"},\"image\":{\"@id\":\"https:\/\/wpdatatables.com\/#\/schema\/logo\/image\/\"},\"sameAs\":[\"https:\/\/www.facebook.com\/wpdatatables\/\",\"https:\/\/x.com\/wpdatatables\",\"https:\/\/www.youtube.com\/channel\/UCR-VfulTsxPa41S1D7fFKqg\"]}]}<\/script>\n<!-- \/ Yoast SEO plugin. -->","yoast_head_json":{"title":"wpDataTables Partnerprogramm - wpDataTables - Tables and Charts WordPress Plugin","robots":{"index":"index","follow":"follow","max-snippet":"max-snippet:-1","max-image-preview":"max-image-preview:large","max-video-preview":"max-video-preview:-1"},"canonical":"https:\/\/wpdatatables.com\/de\/wpdatatables-affiliate\/","og_locale":"de_DE","og_type":"article","og_title":"wpDataTables Partnerprogramm - wpDataTables - Tables and Charts WordPress Plugin","og_description":"[vc_row parallax=&#8221;content-moving&#8221; css=&#8221;.vc_custom_1558005635933{background-image: url(https:\/\/wpdatatables.com\/wp-content\/uploads\/2019\/05\/Affiliate-header-wpDT.png?id=28844) !important;background-position: center;background-repeat: no-repeat;background-size: cover !important;}&#8221;][vc_column width=&#8221;1\/4&#8243;][\/vc_column][vc_column width=&#8221;1\/2&#8243;][vc_empty_space height=&#8221;50px&#8221;][vc_column_text] Monetarisieren Sie Ihren Website-Traffic mit dem wpDataTables Affiliate-Programm Werden Sie wpDataTables Affiliate-Partner und verdienen Sie 30 % Provision auf jeden vermittelten Verkauf! [\/vc_column_text][vc_empty_space height=&#8221;50px&#8221;][vc_btn title=&#8221;Affiliate werden&#8221; style=&#8221;custom&#8221; custom_background=&#8221;#ffffff&#8221; custom_text=&#8221;#091c70&#8243; shape=&#8221;round&#8221; size=&#8221;lg&#8221; link=&#8221;url:https%3A%2F%2Fapp.impact.com%2Fcampaign-campaign-info-v2%2FTMS-WordPress-Plugins-WPAmelia-and-WPDataTables.brand|target:_blank&#8221;][vc_empty_space height=&#8221;50px&#8221;][\/vc_column][vc_column width=&#8221;1\/4&#8243;][\/vc_column][\/vc_row][vc_row][vc_column width=&#8221;1\/4&#8243;][\/vc_column][vc_column width=&#8221;1\/2&#8243;][vc_column_text] Was wpDataTables Affiliate-Partnern bietet: 30 % Provision [&hellip;]","og_url":"https:\/\/wpdatatables.com\/de\/wpdatatables-affiliate\/","og_site_name":"wpDataTables - Tables and Charts WordPress Plugin","article_publisher":"https:\/\/www.facebook.com\/wpdatatables\/","article_modified_time":"2025-08-19T06:50:36+00:00","og_image":[{"width":1200,"height":628,"url":"https:\/\/wpdatatables.com\/wp-content\/uploads\/2019\/02\/wpDT-1200x628.png","type":"image\/png"}],"twitter_card":"summary_large_image","twitter_site":"@wpdatatables","twitter_misc":{"Gesch\u00e4tzte Lesezeit":"4\u00a0Minuten"},"schema":{"@context":"https:\/\/schema.org","@graph":[{"@type":"WebPage","@id":"https:\/\/wpdatatables.com\/de\/wpdatatables-affiliate\/","url":"https:\/\/wpdatatables.com\/de\/wpdatatables-affiliate\/","name":"wpDataTables Partnerprogramm - wpDataTables - Tables and Charts WordPress Plugin","isPartOf":{"@id":"https:\/\/wpdatatables.com\/#website"},"datePublished":"2025-08-19T06:40:45+00:00","dateModified":"2025-08-19T06:50:36+00:00","breadcrumb":{"@id":"https:\/\/wpdatatables.com\/de\/wpdatatables-affiliate\/#breadcrumb"},"inLanguage":"de","potentialAction":[{"@type":"ReadAction","target":["https:\/\/wpdatatables.com\/de\/wpdatatables-affiliate\/"]}]},{"@type":"BreadcrumbList","@id":"https:\/\/wpdatatables.com\/de\/wpdatatables-affiliate\/#breadcrumb","itemListElement":[{"@type":"ListItem","position":1,"name":"Home","item":"https:\/\/wpdatatables.com\/de\/"},{"@type":"ListItem","position":2,"name":"wpDataTables Partnerprogramm"}]},{"@type":"WebSite","@id":"https:\/\/wpdatatables.com\/#website","url":"https:\/\/wpdatatables.com\/","name":"wpDataTables - Tables and Charts WordPress Plugin","description":"Tables and Charts Creator","publisher":{"@id":"https:\/\/wpdatatables.com\/#organization"},"potentialAction":[{"@type":"SearchAction","target":{"@type":"EntryPoint","urlTemplate":"https:\/\/wpdatatables.com\/?s={search_term_string}"},"query-input":{"@type":"PropertyValueSpecification","valueRequired":true,"valueName":"search_term_string"}}],"inLanguage":"de"},{"@type":"Organization","@id":"https:\/\/wpdatatables.com\/#organization","name":"wpDataTables","url":"https:\/\/wpdatatables.com\/","logo":{"@type":"ImageObject","inLanguage":"de","@id":"https:\/\/wpdatatables.com\/#\/schema\/logo\/image\/","url":"https:\/\/wpdatatables.com\/wp-content\/uploads\/2019\/02\/wpDataTable-Horizontal.png","contentUrl":"https:\/\/wpdatatables.com\/wp-content\/uploads\/2019\/02\/wpDataTable-Horizontal.png","width":4120,"height":756,"caption":"wpDataTables"},"image":{"@id":"https:\/\/wpdatatables.com\/#\/schema\/logo\/image\/"},"sameAs":["https:\/\/www.facebook.com\/wpdatatables\/","https:\/\/x.com\/wpdatatables","https:\/\/www.youtube.com\/channel\/UCR-VfulTsxPa41S1D7fFKqg"]}]}},"_links":{"self":[{"href":"https:\/\/wpdatatables.com\/de\/wp-json\/wp\/v2\/pages\/56103","targetHints":{"allow":["GET"]}}],"collection":[{"href":"https:\/\/wpdatatables.com\/de\/wp-json\/wp\/v2\/pages"}],"about":[{"href":"https:\/\/wpdatatables.com\/de\/wp-json\/wp\/v2\/types\/page"}],"author":[{"embeddable":true,"href":"https:\/\/wpdatatables.com\/de\/wp-json\/wp\/v2\/users\/1697"}],"replies":[{"embeddable":true,"href":"https:\/\/wpdatatables.com\/de\/wp-json\/wp\/v2\/comments?post=56103"}],"version-history":[{"count":7,"href":"https:\/\/wpdatatables.com\/de\/wp-json\/wp\/v2\/pages\/56103\/revisions"}],"predecessor-version":[{"id":56110,"href":"https:\/\/wpdatatables.com\/de\/wp-json\/wp\/v2\/pages\/56103\/revisions\/56110"}],"wp:attachment":[{"href":"https:\/\/wpdatatables.com\/de\/wp-json\/wp\/v2\/media?parent=56103"}],"curies":[{"name":"wp","href":"https:\/\/api.w.org\/{rel}","templated":true}]}}